{"id":61,"date":"2026-01-11T22:35:37","date_gmt":"2026-01-11T22:35:37","guid":{"rendered":"http:\/\/votsalo.com\/naousa\/?page_id=61"},"modified":"2026-01-11T22:36:29","modified_gmt":"2026-01-11T22:36:29","slug":"home-fr","status":"publish","type":"page","link":"http:\/\/votsalo.com\/naousa\/fr\/home-fr\/","title":{"rendered":"Salut"},"content":{"rendered":"\n<p>Vous pensez aller en Gr\u00e8ce pour vos vacances cette ann\u00e9e? Personne ne vous en voudra! Prenez juste la bonne dose de mer et de soleil, ajoutez un soup\u00e7on d\u2019histoire et servez avec une g\u00e9n\u00e9reuse portion de plaisir, et c\u2019est parti pour les vacances de votre vie! Voici la recette gagnante pour des vacances inoubliables!<\/p>\n\n\n\n<p>Nich\u00e9s en haut d\u2019une colline qui surplombe la baie, \u00e0 50 m\u00e8tres de la mer, les appartements Votsalo vous accueilleront \u00e0 Naousa, sur l\u2019\u00eele de Paros.<\/p>\n\n\n\n<h2 class=\"wp-block-heading\"><a href=\"https:\/\/reservations.bookoncloud.com\/welcome\/votsalo-paros?lang=en&amp;channelId=website#\/availability\">Reserve maintenant<\/a><\/h2>\n","protected":false},"excerpt":{"rendered":"<p>Vous pensez aller en Gr\u00e8ce pour vos vacances cette ann\u00e9e? Personne ne vous en voudra! Prenez juste la bonne dose de mer et de soleil, ajoutez un soup\u00e7on d\u2019histoire et servez avec une g\u00e9n\u00e9reuse portion de plaisir, et c\u2019est parti pour les vacances de votre vie! Voici la recette gagnante pour des vacances inoubliables! Nich\u00e9s &hellip; <\/p>\n<p class=\"link-more\"><a href=\"http:\/\/votsalo.com\/naousa\/fr\/home-fr\/\" class=\"more-link\">Continue reading<span class=\"screen-reader-text\"> &#8220;Salut&#8221;<\/span><\/a><\/p>\n","protected":false},"author":1,"featured_media":0,"parent":0,"menu_order":0,"comment_status":"closed","ping_status":"closed","template":"","meta":{"footnotes":""},"class_list":["post-61","page","type-page","status-publish","hentry"],"_links":{"self":[{"href":"http:\/\/votsalo.com\/naousa\/wp-json\/wp\/v2\/pages\/61","targetHints":{"allow":["GET"]}}],"collection":[{"href":"http:\/\/votsalo.com\/naousa\/wp-json\/wp\/v2\/pages"}],"about":[{"href":"http:\/\/votsalo.com\/naousa\/wp-json\/wp\/v2\/types\/page"}],"author":[{"embeddable":true,"href":"http:\/\/votsalo.com\/naousa\/wp-json\/wp\/v2\/users\/1"}],"replies":[{"embeddable":true,"href":"http:\/\/votsalo.com\/naousa\/wp-json\/wp\/v2\/comments?post=61"}],"version-history":[{"count":1,"href":"http:\/\/votsalo.com\/naousa\/wp-json\/wp\/v2\/pages\/61\/revisions"}],"predecessor-version":[{"id":62,"href":"http:\/\/votsalo.com\/naousa\/wp-json\/wp\/v2\/pages\/61\/revisions\/62"}],"wp:attachment":[{"href":"http:\/\/votsalo.com\/naousa\/wp-json\/wp\/v2\/media?parent=61"}],"curies":[{"name":"wp","href":"https:\/\/api.w.org\/{rel}","templated":true}]}}