{"id":30,"date":"2026-01-10T22:45:57","date_gmt":"2026-01-10T22:45:57","guid":{"rendered":"http:\/\/votsalo.com\/naousa\/create-your-website-with-blocks-deutsch\/"},"modified":"2026-01-12T19:54:45","modified_gmt":"2026-01-12T19:54:45","slug":"home-de","status":"publish","type":"page","link":"http:\/\/votsalo.com\/naousa\/de\/home-de\/","title":{"rendered":"Willkommen"},"content":{"rendered":"\n<p>Haben Sie vor, dieses Jahr nach Griechenland zu fahren? Ja? Das Rezept : man nehme eine gute Portion Sonne und Meer, garniere mit einem Hauch von Geschichte , serviere mit viel Spa\u00df und genie\u00dfen Sie den Urlaub Ihres Lebens! Votsalo apartments befindet sich in Naousa, Paros, auf einem H\u00fcgel mit Blick auf die Bucht, nur 50 Meter vom Meer entfernt.<\/p>\n\n\n\n<h2 class=\"wp-block-heading\"><a href=\"http:\/\/votsalo.com\/site\/contact-3\/\"><\/a><a href=\"https:\/\/reservations.bookoncloud.com\/welcome\/votsalo-paros?lang=en&amp;channelId=website#\/availability\">Buchen Sie jetzt<\/a><\/h2>\n","protected":false},"excerpt":{"rendered":"<p>Haben Sie vor, dieses Jahr nach Griechenland zu fahren? Ja? Das Rezept : man nehme eine gute Portion Sonne und Meer, garniere mit einem Hauch von Geschichte , serviere mit viel Spa\u00df und genie\u00dfen Sie den Urlaub Ihres Lebens! Votsalo apartments befindet sich in Naousa, Paros, auf einem H\u00fcgel mit Blick auf die Bucht, nur &hellip; <\/p>\n<p class=\"link-more\"><a href=\"http:\/\/votsalo.com\/naousa\/de\/home-de\/\" class=\"more-link\">Continue reading<span class=\"screen-reader-text\"> &#8220;Willkommen&#8221;<\/span><\/a><\/p>\n","protected":false},"author":1,"featured_media":0,"parent":0,"menu_order":0,"comment_status":"closed","ping_status":"closed","template":"","meta":{"footnotes":""},"class_list":["post-30","page","type-page","status-publish","hentry"],"_links":{"self":[{"href":"http:\/\/votsalo.com\/naousa\/wp-json\/wp\/v2\/pages\/30","targetHints":{"allow":["GET"]}}],"collection":[{"href":"http:\/\/votsalo.com\/naousa\/wp-json\/wp\/v2\/pages"}],"about":[{"href":"http:\/\/votsalo.com\/naousa\/wp-json\/wp\/v2\/types\/page"}],"author":[{"embeddable":true,"href":"http:\/\/votsalo.com\/naousa\/wp-json\/wp\/v2\/users\/1"}],"replies":[{"embeddable":true,"href":"http:\/\/votsalo.com\/naousa\/wp-json\/wp\/v2\/comments?post=30"}],"version-history":[{"count":2,"href":"http:\/\/votsalo.com\/naousa\/wp-json\/wp\/v2\/pages\/30\/revisions"}],"predecessor-version":[{"id":133,"href":"http:\/\/votsalo.com\/naousa\/wp-json\/wp\/v2\/pages\/30\/revisions\/133"}],"wp:attachment":[{"href":"http:\/\/votsalo.com\/naousa\/wp-json\/wp\/v2\/media?parent=30"}],"curies":[{"name":"wp","href":"https:\/\/api.w.org\/{rel}","templated":true}]}}